{"id":905,"date":"2024-04-22T13:37:28","date_gmt":"2024-04-22T13:37:28","guid":{"rendered":"https:\/\/elekey.de\/?page_id=905"},"modified":"2025-01-22T17:39:19","modified_gmt":"2025-01-22T17:39:19","slug":"logistiker","status":"publish","type":"page","link":"https:\/\/elekey.de\/?page_id=905","title":{"rendered":"LOGISTIKER"},"content":{"rendered":"<div  data-label=\"Overlappable\" data-id=\"overlappable--2\" data-export-id=\"overlappable-3\" data-category=\"overlappable\" class=\"overlappable-3 content-section content-section-spacing\" data-overlap=\"true\" id=\"overlappable-2\" style=\"background-color: rgb(255, 255, 255); background-image: none;\"><div  class=\"gridContainer\"> <div  class=\"row bg-color-white shadow-medium\"><div  class=\"col-xs-12 col-sm-6 image-col first-image-col\" data-bg=\"image\" style=\"background-image: url(&quot;https:\/\/elekey.de\/wp-content\/uploads\/2025\/01\/cropped-Polygon-LKW-rechts-1-scaled-1.jpg&quot;);\"><\/div> <div  class=\"col-xs-12 col-sm-6 content-col col-padding col-padding-xs\"> <div  class=\"col-padding\" data-type=\"column\"> <h4  class=\"\"><span  style=\"font-family: verdana, geneva, sans-serif; font-weight: 700;\">NACHHALTIG ELEKTRIFIZIERT MIT ELEKEY<\/span><\/h4> <p  class=\"\">ELEKEY bietet Logistikern eine L\u00f6sung f\u00fcr die Herausforderungen der Elektrifizierung des Stra\u00dfentransports: Planbarkeit und Sicherheit. Mit unserem Buchungssystem k\u00f6nnen Ladezeiten reserviert und Ladestopps effizient in Routen integriert werden. Dies reduziert Standzeiten, erh\u00f6ht die Kostentransparenz und vermeidet Roaminggeb\u00fchren. Gleichzeitig unterst\u00fctzt ELEKEY die Nachhaltigkeit, indem es die Nutzung der Ladeinfrastruktur optimiert und den \u00dcbergang zu emissionsfreien Flotten erleichtert.<\/p> <\/div> <\/div><\/div> <div  class=\"row bg-color-white shadow-medium\"><div  class=\"col-xs-12 col-sm-6 content-col col-padding col-padding-xs\"> <div  class=\"col-padding\" data-type=\"column\"><h4  class=\"\"><span  style=\"font-family: verdana, geneva, sans-serif; font-weight: 700;\">DIREKT LADESTATIONEN BUCHEN&nbsp;<\/span><\/h4> <p  class=\"\"><span  style=\"font-family: verdana, geneva, sans-serif;\">ELEKEY ist eine skalierbare API-L\u00f6sung, die Ladestationen nahtlos in bestehende Dispositionssysteme integriert \u2013 ohne zus\u00e4tzliche Hardware oder Software. Mit Echtzeitdaten erm\u00f6glicht ELEKEY anbieter\u00fcbergreifende Buchungen, eine automatisierte Verf\u00fcgbarkeitspr\u00fcfung sowie eine vereinfachte Abrechnung. Der Verzicht auf Roamingkosten reduziert die Betriebskosten erheblich. Gleichzeitig optimiert ELEKEY die Routenplanung, unterst\u00fctzt flexible Ladestopps und steigert die Effizienz f\u00fcr Flottenbetreiber.<\/span><\/p> <\/div> <\/div> <div  class=\"col-xs-12 col-sm-6 image-col second-image-col first-xs last-sm\" data-bg=\"image\" style=\"background-image: url(&quot;https:\/\/elekey.de\/wp-content\/uploads\/2025\/01\/cropped-Polygon-LKW-rechts-1-scaled-2.jpg&quot;);\"><\/div> <\/div><\/div> <\/div><div  data-label=\"Overlappable\" data-id=\"overlappable--1\" data-export-id=\"overlappable-5\" data-category=\"overlappable\" class=\"overlappable-5 content-section content-section-spacing\" data-overlap=\"true\" id=\"overlappable-1\" style=\"background-color: rgb(255, 255, 255);\"><div  class=\"gridContainer\"> <div  data-type=\"row\" class=\"row shadow-medium bg-color-white\"><div  class=\"col-xs-12 col-sm-4 col-padding col-padding-xs bg-color-white\"> <div  class=\"row middle-sm\"><div  class=\"col-xs-12 col-sm-fit icon-column\"> <a data-cp-link=\"1\" href=\"#\" target=\"_self\" rel=\"noopener\"><i  class=\"fa icon fa-map color4\"><\/i><\/a><\/div> <div  data-type=\"column\" class=\"col-xs-12 col-sm v-spacing\"><h5  class=\"\"><span  style=\"font-family: verdana, geneva, sans-serif; font-weight: 700;\">EINFACH PLANEN<\/span><\/h5><\/div> <\/div> <div  class=\"row\"> <div  class=\"col-xs-12 col-sm-12\" data-type=\"column\"> <p  class=\"\"><span  style=\"font-family: verdana, geneva, sans-serif;\">Routenplanung in bestehender Software vornehmen und Ladestationen an geplanten Ladestopp buchen\/reservieren.<\/span><span  id=\"_mce_caret\" data-mce-bogus=\"1\" data-mce-type=\"format-caret\"><span  style=\"font-family: verdana, geneva, sans-serif;\">\ufeff<\/span><\/span><\/p> <\/div> <\/div><\/div> <div  class=\"col-xs-12 col-sm-4 col-padding col-padding-xs bg-color-white\"><div  class=\"row middle-sm\"> <div  class=\"col-xs-12 col-sm-fit icon-column\"><i  class=\"fa icon fa-map-marker color4\"><\/i><\/div> <div  data-type=\"column\" class=\"col-xs-12 col-sm v-spacing\"><h5  class=\"\"><span  style=\"font-family: verdana, geneva, sans-serif; font-weight: 700;\">LADESTOPPS BUCHEN<\/span><\/h5><\/div> <\/div> <div  class=\"row\"> <div  class=\"col-xs-12 col-sm-12\" data-type=\"column\"> <p  class=\"\"><span  style=\"font-family: verdana, geneva, sans-serif;\">Ladestopps k\u00f6nnen mit ELEKEY gebucht und bei Bedarf schnell und flexibel angepasst werden.<\/span><\/p> <\/div> <\/div><\/div> <div  class=\"col-xs-12 col-sm-4 col-padding col-padding-xs bg-color-white\"><div  class=\"row middle-sm\"> <div  class=\"col-xs-12 col-sm-fit icon-column\"><i  class=\"fa icon fa-calendar color4\"><\/i><\/div> <div  data-type=\"column\" class=\"col-xs-12 col-sm v-spacing\"><h5  class=\"\"><span  style=\"font-family: verdana, geneva, sans-serif; font-weight: 700;\">BUCHUNGSSYSTEM<\/span><\/h5><\/div> <\/div> <div  class=\"row\"> <div  class=\"col-xs-12 col-sm-12\" data-type=\"column\"> <p  class=\"\"><span  style=\"font-family: verdana, geneva, sans-serif;\">Ladestationen werden buchbar, somit entsteht eine plan- und nutzbare Ladeinfrastruktur.<\/span><\/p> <\/div> <\/div><\/div> <div  class=\"col-xs-12 col-sm-4 col-padding col-padding-xs bg-color-white\"> <div  class=\"row middle-sm\"><div  class=\"col-xs-12 col-sm-fit icon-column\"> <i  class=\"fa icon fa-truck color4\"><\/i><\/div> <div  data-type=\"column\" class=\"col-xs-12 col-sm v-spacing\"><h5  class=\"\"><span  style=\"font-family: verdana, geneva, sans-serif; font-weight: 700;\">BARRIEREFREIHEIT<\/span><span  id=\"_mce_caret\" data-mce-bogus=\"1\" data-mce-type=\"format-caret\"><span  style=\"font-family: verdana, geneva, sans-serif; font-weight: 700;\">\ufeff<\/span><\/span><\/h5><\/div> <\/div> <div  class=\"row\"> <div  class=\"col-xs-12 col-sm-12\" data-type=\"column\"> <p  class=\"\"><span  style=\"font-family: verdana, geneva, sans-serif;\">Kurzzeitvertr\u00e4ge erm\u00f6glichen einfache Nutzung der Ladeinfrastruktur mit Abrechnung der Ladestopps.<\/span><\/p> <\/div> <\/div><\/div><div  class=\"col-xs-12 col-sm-4 col-padding col-padding-xs bg-color-white\"> <div  class=\"row middle-sm\"><div  class=\"col-xs-12 col-sm-fit icon-column\"> <i  class=\"fa icon fa-check color4\"><\/i><\/div> <div  data-type=\"column\" class=\"col-xs-12 col-sm v-spacing\"><h5  class=\"\"><span  style=\"font-family: verdana, geneva, sans-serif; font-weight: 700;\">ATTRAKTIVE LADEPREISE<\/span><\/h5><\/div> <\/div> <div  class=\"row\"> <div  class=\"col-xs-12 col-sm-12\" data-type=\"column\"> <p  class=\"\"><span  style=\"font-family: verdana, geneva, sans-serif;\">Ladestrom kann durch das ELEKEY Gesch\u00e4ftsmodell zu Herstellerpreisen geladen werden.<\/span><\/p> <\/div> <\/div><\/div><div  class=\"col-xs-12 col-sm-4 col-padding col-padding-xs bg-color-white\"> <div  class=\"row middle-sm\"><div  class=\"col-xs-12 col-sm-fit icon-column\"> <a data-cp-link=\"1\" href=\"#\" target=\"_self\" rel=\"noopener\"><i  class=\"fa icon fa-desktop color4\"><\/i><\/a><\/div> <div  data-type=\"column\" class=\"col-xs-12 col-sm v-spacing\"><h5  class=\"\"><span  style=\"font-family: verdana, geneva, sans-serif; font-weight: 700;\">SOFORT NUTZBAR<\/span><\/h5><\/div> <\/div> <div  class=\"row\"> <div  class=\"col-xs-12 col-sm-12\" data-type=\"column\"> <p  class=\"\"><span  style=\"font-family: verdana, geneva, sans-serif;\">Um ELEKEY zu nutzen, bedarf es keiner weiteren Hard- und Software.<\/span><\/p> <\/div> <\/div><\/div><\/div><\/div> <\/div><div  data-label=\"Content\" data-id=\"content--3\" data-export-id=\"content-15\" data-category=\"content\" class=\"content-15 content-section content-section-spacing content-relative\" id=\"content-3\" style=\"background-color: rgb(255, 255, 255);\"><div  class=\"gridContainer\"> <div  class=\"row middle-sm\"><div  class=\"col-sm-6 flexbox around-xs top-xs space-bottom-xs space-top-xs\"> <div  class=\"overlay-box flexbox middle-xs center-xs overlay-holder\"><div  class=\"overlay-box-offset shadow-medium border-color2 offset-border hide-xs\"><\/div> <img  decoding=\"async\" class=\"flexbox shadow-large img1\" data-size=\"500x500\" src=\"https:\/\/elekey.de\/wp-content\/uploads\/2025\/01\/cropped-Simul.png\" title=\"cropped-Simul.png\" alt=\"\"><\/div> <\/div> <div  class=\"col-sm-6 content-left-sm\" data-type=\"column\">  <h4  class=\"\"><span  style=\"font-family: verdana, geneva, sans-serif; font-weight: 700;\">TESTEN SIE UNSERE ELEKEY-API<\/span><\/h4> <p  class=\"\"><span  style=\"font-family: verdana, geneva, sans-serif;\">Simulieren und buchen Sie sich die ideale Laderoute oder stellen Sie die sp\u00e4tere Nutzung durch Implementierung der Schnittstelle sicher.<\/span><\/p><a class=\"button color1\" href=\"https:\/\/elekey.de?page_id=1008\" target=\"_self\" data-cp-link=\"1\" data-icon=\"\" rel=\"noopener\">Kontaktieren Sie Uns<\/a><\/div> <\/div><\/div> <\/div>","protected":false},"excerpt":{"rendered":"<p>NACHHALTIG ELEKTRIFIZIERT MIT ELEKEY ELEKEY bietet Logistikern eine L\u00f6sung f\u00fcr die Herausforderungen der Elektrifizierung des Stra\u00dfentransports: Planbarkeit und Sicherheit. Mit unserem Buchungssystem k\u00f6nnen Ladezeiten reserviert und Ladestopps effizient in Routen integriert werden. Dies reduziert Standzeiten, erh\u00f6ht die Kostentransparenz und vermeidet Roaminggeb\u00fchren. Gleichzeitig unterst\u00fctzt ELEKEY die Nachhaltigkeit, indem es die Nutzung der Ladeinfrastruktur optimiert und den&hellip; <br \/> <a class=\"read-more\" href=\"https:\/\/elekey.de\/?page_id=905\">Read more<\/a><\/p>\n","protected":false},"author":1,"featured_media":0,"parent":0,"menu_order":0,"comment_status":"closed","ping_status":"closed","template":"pro\/page-templates\/full-width-page.php","meta":{"footnotes":""},"_links":{"self":[{"href":"https:\/\/elekey.de\/index.php?rest_route=\/wp\/v2\/pages\/905"}],"collection":[{"href":"https:\/\/elekey.de\/index.php?rest_route=\/wp\/v2\/pages"}],"about":[{"href":"https:\/\/elekey.de\/index.php?rest_route=\/wp\/v2\/types\/page"}],"author":[{"embeddable":true,"href":"https:\/\/elekey.de\/index.php?rest_route=\/wp\/v2\/users\/1"}],"replies":[{"embeddable":true,"href":"https:\/\/elekey.de\/index.php?rest_route=%2Fwp%2Fv2%2Fcomments&post=905"}],"version-history":[{"count":118,"href":"https:\/\/elekey.de\/index.php?rest_route=\/wp\/v2\/pages\/905\/revisions"}],"predecessor-version":[{"id":2288,"href":"https:\/\/elekey.de\/index.php?rest_route=\/wp\/v2\/pages\/905\/revisions\/2288"}],"wp:attachment":[{"href":"https:\/\/elekey.de\/index.php?rest_route=%2Fwp%2Fv2%2Fmedia&parent=905"}],"curies":[{"name":"wp","href":"https:\/\/api.w.org\/{rel}","templated":true}]}}