{"id":911,"date":"2024-04-22T13:39:17","date_gmt":"2024-04-22T13:39:17","guid":{"rendered":"https:\/\/elekey.de\/?page_id=911"},"modified":"2025-01-30T14:54:09","modified_gmt":"2025-01-30T14:54:09","slug":"ladestationsbetreiber","status":"publish","type":"page","link":"https:\/\/elekey.de\/?page_id=911","title":{"rendered":"LADESTATIONSBETREIBER"},"content":{"rendered":"<div  data-label=\"Overlappable\" data-id=\"overlappable--1\" data-export-id=\"overlappable-3\" data-category=\"overlappable\" class=\"overlappable-3 content-section content-section-spacing\" data-overlap=\"true\" id=\"overlappable-1\" style=\"background-color: rgb(255, 255, 255);\"><div  class=\"gridContainer\"> <div  class=\"row bg-color-white shadow-medium\"><div  class=\"col-xs-12 col-sm-6 image-col first-image-col\" data-bg=\"image\" style=\"background-image: url(&quot;https:\/\/elekey.de\/wp-content\/uploads\/2025\/01\/cropped-Ladestationen-schwarzer-Hintergrund.jpg&quot;);\"><\/div> <div  class=\"col-xs-12 col-sm-6 content-col col-padding col-padding-xs\"> <div  class=\"col-padding\" data-type=\"column\"> <h4  class=\"\"><span  style=\"font-family: verdana, geneva, sans-serif; font-weight: 700;\">MEHR EFFIZIENZ F\u00dcR IHR LADENETZWERK<\/span><\/h4> <p  class=\"\"><span  style=\"font-family: verdana, geneva, sans-serif;\">Mit ELEKEY holen Sie das Beste aus Ihrem Ladestationennetzwerk heraus und optimieren nachhaltig die Nutzung Ihrer Ladeinfrastruktur. Die Auslastung \u00f6ffentlicher Ladestationen liegt h\u00e4ufig nur bei 50 Prozent \u2013 ein enormes Potenzial, das mit dem ELEKEY gezielt ausgesch\u00f6pft werden kann. Unser Buchungssystem steht&nbsp; Betreibern vollkommen kostenfrei zur Verf\u00fcgung und erfordert keine zus\u00e4tzlichen Investitionen in Hard- oder Software.<\/span><\/p> <\/div> <\/div><\/div> <div  class=\"row bg-color-white shadow-medium\"><div  class=\"col-xs-12 col-sm-6 content-col col-padding col-padding-xs\"> <div  class=\"col-padding\" data-type=\"column\"><h4  class=\"\"><span  style=\"font-family: verdana, geneva, sans-serif; font-weight: 700;\">WIN-WIN F\u00dcR BETREIBER UND NUTZER<\/span><\/h4> <p  class=\"\"><span  style=\"font-family: verdana, geneva, sans-serif;\">Die Auslastung Ihrer Ladestationen wird, ohne Ihre Stammkundschaft zu beeintr\u00e4chtigen, mit ELEKEY erh\u00f6ht. Sie als Betreiber k\u00f6nnen gezielt freie Kapazit\u00e4ten f\u00fcr Buchungen freigeben, w\u00e4hrend spontane Ladungen weiterhin m\u00f6glich bleiben. Diese Flexibilit\u00e4t sorgt f\u00fcr zus\u00e4tzliche Einnahmen, optimierte Ressourcennutzung und maximale Kundenzufriedenheit \u2013 eine Win-Win-L\u00f6sung f\u00fcr Betreiber und Nutzer gleicherma\u00dfen.<\/span><\/p> <\/div> <\/div> <div  class=\"col-xs-12 col-sm-6 image-col second-image-col first-xs last-sm\" data-bg=\"image\" style=\"background-image: url(&quot;https:\/\/elekey.de\/wp-content\/uploads\/2025\/01\/cropped-Ladestationen-schwarzer-Hintergrund-1.jpg&quot;);\"><\/div> <\/div><\/div> <\/div><div  data-label=\"Overlappable\" data-id=\"overlappable--2\" data-export-id=\"overlappable-5\" data-category=\"overlappable\" class=\"overlappable-5 content-section content-section-spacing\" data-overlap=\"true\" id=\"overlappable-2\" style=\"background-color: rgb(255, 255, 255);\"><div  class=\"gridContainer\"> <div  data-type=\"row\" class=\"row shadow-medium bg-color-white\"><div  class=\"col-xs-12 col-sm-4 col-padding col-padding-xs bg-color-white\"> <div  class=\"row middle-sm\"><div  class=\"col-xs-12 col-sm-fit icon-column\"> <i  class=\"fa icon fa-paper-plane color4\"><\/i><\/div> <div  data-type=\"column\" class=\"col-xs-12 col-sm v-spacing\"><h5  class=\"\"><span  style=\"font-family: verdana, geneva, sans-serif; font-weight: 700;\">KAPAZIT\u00c4TSNUTZUNG<\/span><\/h5><\/div> <\/div> <div  class=\"row\"> <div  class=\"col-xs-12 col-sm-12\" data-type=\"column\"> <p  class=\"\"><span  style=\"font-family: verdana, geneva, sans-serif;\">Ein Buchungssystem steigert die Kapazit\u00e4tsnutzung von Ladestationen, indem es Ladezeiten effizient koordiniert und eine kontinuierliche Auslastung erm\u00f6glicht.<\/span><\/p> <\/div> <\/div><\/div> <div  class=\"col-xs-12 col-sm-4 col-padding col-padding-xs bg-color-white\"><div  class=\"row middle-sm\"> <div  class=\"col-xs-12 col-sm-fit icon-column\"><i  class=\"fa icon fa-cubes color4\"><\/i><\/div> <div  data-type=\"column\" class=\"col-xs-12 col-sm v-spacing\"><h5  class=\"\"><span  style=\"font-family: verdana, geneva, sans-serif; font-weight: 700;\">ERH\u00d6HTE RENTABILIT\u00c4T<\/span><\/h5><\/div> <\/div> <div  class=\"row\"> <div  class=\"col-xs-12 col-sm-12\" data-type=\"column\"> <p  class=\"\"><span  style=\"font-family: verdana, geneva, sans-serif;\">ELEKEY steigert die Rentabilit\u00e4t von Ladestationen durch die Gewinnung zus\u00e4tzlicher Transitkunden, die Sicherstellung einer planbaren Auslastung und die Reduzierung von Leerlaufzeiten.<\/span><\/p> <\/div> <\/div><\/div> <div  class=\"col-xs-12 col-sm-4 col-padding col-padding-xs bg-color-white\"><div  class=\"row middle-sm\"> <div  class=\"col-xs-12 col-sm-fit icon-column\"><i  class=\"fa icon fa-area-chart color4\"><\/i><\/div> <div  data-type=\"column\" class=\"col-xs-12 col-sm v-spacing\"><h5  class=\"\"><span  style=\"font-family: verdana, geneva, sans-serif; font-weight: 700;\">PREISFLEXIBILT\u00c4T&nbsp;<\/span><\/h5><\/div> <\/div> <div  class=\"row\"> <div  class=\"col-xs-12 col-sm-12\" data-type=\"column\"> <p  class=\"\"><span  style=\"font-family: verdana, geneva, sans-serif;\">Kurzzeitvertr\u00e4ge erm\u00f6glichen dynamische Preise, steigern Betreiberums\u00e4tze durch Nachfrageanpassung, optimieren Auslastung und sichern Flexibilit\u00e4t bei Energiekosten und Marktschwankungen.<\/span><\/p> <\/div> <\/div><\/div> <div  class=\"col-xs-12 col-sm-4 col-padding col-padding-xs bg-color-white\"> <div  class=\"row middle-sm\"><div  class=\"col-xs-12 col-sm-fit icon-column\"> <i  class=\"fa icon fa-balance-scale color4\"><\/i><\/div> <div  data-type=\"column\" class=\"col-xs-12 col-sm v-spacing\"><h5  class=\"\"><span  style=\"font-family: verdana, geneva, sans-serif; font-weight: 700;\">ERM\u00d6GLICHT LASTENMANAGEMENT<\/span><\/h5><\/div> <\/div> <div  class=\"row\"> <div  class=\"col-xs-12 col-sm-12\" data-type=\"column\"> <p  class=\"\"><span  style=\"font-family: verdana, geneva, sans-serif;\">ELEKEY optimiert das Lastenmanagement von Ladestationen. Bei Kapazit\u00e4ts- engp\u00e4ssen erfolgt die schnelle Umleitung von Fahrzeugen ohne Verz\u00f6gerung auf verf\u00fcgbare Stationen.<\/span><\/p> <\/div> <\/div><\/div><div  class=\"col-xs-12 col-sm-4 col-padding col-padding-xs bg-color-white\"> <div  class=\"row middle-sm\"><div  class=\"col-xs-12 col-sm-fit icon-column\"> <i  class=\"fa icon fa-sliders color4\"><\/i><\/div> <div  data-type=\"column\" class=\"col-xs-12 col-sm v-spacing\"><h5  class=\"\"><span  style=\"font-family: verdana, geneva, sans-serif; font-weight: 700;\">PLANBARE NETZAUSLASTUNG&nbsp;<\/span><\/h5><\/div> <\/div> <div  class=\"row\"> <div  class=\"col-xs-12 col-sm-12\" data-type=\"column\"> <p  class=\"\"><span  style=\"font-family: verdana, geneva, sans-serif;\">Gezielte Ladestationskoordination erm\u00f6glicht Stadtwerken eine effiziente Netzauslastung, vermeidet Engp\u00e4sse \r\n<br >und tr\u00e4gt zur Verbesserung der Energieverteilung bei.<\/span><\/p> <\/div> <\/div><\/div><div  class=\"col-xs-12 col-sm-4 col-padding col-padding-xs bg-color-white\"> <div  class=\"row middle-sm\"><div  class=\"col-xs-12 col-sm-fit icon-column\"> <i  class=\"fa icon fa-file-text color4\"><\/i><\/div> <div  data-type=\"column\" class=\"col-xs-12 col-sm v-spacing\"><h5  class=\"\"><span  style=\"font-family: verdana, geneva, sans-serif; font-weight: 700;\">ABRECHNUNG BIDIREKTIONALES LADEN&nbsp;<\/span><\/h5><\/div> <\/div> <div  class=\"row\"> <div  class=\"col-xs-12 col-sm-12\" data-type=\"column\"> <p  class=\"\"><span  style=\"font-family: verdana, geneva, sans-serif;\">ELEKEY erm\u00f6glicht eine rechtssichere und transparente Abrechnung bidirektionaler Ladevorg\u00e4nge durch die Bereitstellung einer zuverl\u00e4ssigen Verrechnungs- grundlage.<\/span><\/p> <\/div> <\/div><\/div><\/div><\/div> <\/div><div  data-label=\"Content\" data-id=\"content--3\" data-export-id=\"content-15\" data-category=\"content\" class=\"content-15 content-section content-section-spacing\" id=\"content-3\" style=\"background-color: rgb(255, 255, 255); background-image: none;\"><div  class=\"gridContainer\"> <div  class=\"row middle-sm\"><div  class=\"col-sm-6 flexbox around-xs top-xs space-bottom-xs space-top-xs\"> <div  class=\"overlay-box flexbox middle-xs center-xs overlay-holder\"><div  class=\"overlay-box-offset offset-border shadow-medium border-color2 hide-xs\"><\/div> <img  decoding=\"async\" class=\"flexbox shadow-large img1\" data-size=\"500x500\" src=\"https:\/\/elekey.de\/wp-content\/uploads\/2025\/01\/cropped-Sim3.png\" title=\"cropped-Sim3.png\" alt=\"\"><\/div> <\/div> <div  class=\"col-sm-6\" data-type=\"column\">  <h4  class=\"\"><span  style=\"font-family: verdana, geneva, sans-serif; font-weight: 700;\">TESTEN SIE UNSERE ELEKEY-API<\/span><\/h4><p  class=\"\"><span  style=\"font-family: verdana, geneva, sans-serif;\">F\u00fcr Betreiber ist die Nutzung der ELEKEY-API vollkommen kostenfrei.<\/span><\/p> <a class=\"button color1\" href=\"https:\/\/elekey.de?page_id=1008\" target=\"_self\" data-cp-link=\"1\" data-icon=\"\" rel=\"noopener\">Kontaktieren Sie  Uns<\/a><\/div> <\/div><\/div> <\/div>","protected":false},"excerpt":{"rendered":"<p>MEHR EFFIZIENZ F\u00dcR IHR LADENETZWERK Mit ELEKEY holen Sie das Beste aus Ihrem Ladestationennetzwerk heraus und optimieren nachhaltig die Nutzung Ihrer Ladeinfrastruktur. Die Auslastung \u00f6ffentlicher Ladestationen liegt h\u00e4ufig nur bei 50 Prozent \u2013 ein enormes Potenzial, das mit dem ELEKEY gezielt ausgesch\u00f6pft werden kann. Unser Buchungssystem steht&nbsp; Betreibern vollkommen kostenfrei zur Verf\u00fcgung und erfordert keine&hellip; <br \/> <a class=\"read-more\" href=\"https:\/\/elekey.de\/?page_id=911\">Read more<\/a><\/p>\n","protected":false},"author":1,"featured_media":0,"parent":0,"menu_order":0,"comment_status":"closed","ping_status":"closed","template":"pro\/page-templates\/full-width-page.php","meta":{"footnotes":""},"_links":{"self":[{"href":"https:\/\/elekey.de\/index.php?rest_route=\/wp\/v2\/pages\/911"}],"collection":[{"href":"https:\/\/elekey.de\/index.php?rest_route=\/wp\/v2\/pages"}],"about":[{"href":"https:\/\/elekey.de\/index.php?rest_route=\/wp\/v2\/types\/page"}],"author":[{"embeddable":true,"href":"https:\/\/elekey.de\/index.php?rest_route=\/wp\/v2\/users\/1"}],"replies":[{"embeddable":true,"href":"https:\/\/elekey.de\/index.php?rest_route=%2Fwp%2Fv2%2Fcomments&post=911"}],"version-history":[{"count":120,"href":"https:\/\/elekey.de\/index.php?rest_route=\/wp\/v2\/pages\/911\/revisions"}],"predecessor-version":[{"id":1127,"href":"https:\/\/elekey.de\/index.php?rest_route=\/wp\/v2\/pages\/911\/revisions\/1127"}],"wp:attachment":[{"href":"https:\/\/elekey.de\/index.php?rest_route=%2Fwp%2Fv2%2Fmedia&parent=911"}],"curies":[{"name":"wp","href":"https:\/\/api.w.org\/{rel}","templated":true}]}}